{"id":8669,"date":"2019-09-09T19:32:18","date_gmt":"2019-09-09T19:32:18","guid":{"rendered":"https:\/\/www.officemovepro.com\/blog-de-demenagement-de-bureau\/"},"modified":"2025-09-05T15:17:39","modified_gmt":"2025-09-05T15:17:39","slug":"blogue-sur-le-demenagement-corporatif","status":"publish","type":"page","link":"https:\/\/www.officemovepro.com\/fr\/blogue-sur-le-demenagement-corporatif\/","title":{"rendered":"Blog de d\u00e9m\u00e9nagement de bureau"},"content":{"rendered":"[vc_row type=&#8221;full_width_content&#8221; full_screen_row_position=&#8221;middle&#8221; column_margin=&#8221;default&#8221; column_direction=&#8221;default&#8221; column_direction_tablet=&#8221;default&#8221; column_direction_phone=&#8221;default&#8221; scene_position=&#8221;center&#8221; top_padding=&#8221;50&#8243; top_padding_tablet=&#8221;25%&#8221; top_padding_phone=&#8221;35%&#8221; text_color=&#8221;dark&#8221; text_align=&#8221;left&#8221; row_border_radius=&#8221;none&#8221; row_border_radius_applies=&#8221;bg&#8221; overflow=&#8221;visible&#8221; advanced_gradient_angle=&#8221;0&#8243; overlay_strength=&#8221;0.3&#8243; gradient_direction=&#8221;left_to_right&#8221; shape_divider_position=&#8221;bottom&#8221; bg_image_animation=&#8221;none&#8221; shape_type=&#8221;straight_section&#8221; gradient_type=&#8221;default&#8221;][vc_column column_padding=&#8221;no-extra-padding&#8221; column_padding_tablet=&#8221;inherit&#8221; column_padding_phone=&#8221;inherit&#8221; column_padding_position=&#8221;top-bottom&#8221; column_element_direction_desktop=&#8221;default&#8221; column_element_spacing=&#8221;0px&#8221; desktop_text_alignment=&#8221;default&#8221; tablet_text_alignment=&#8221;default&#8221; phone_text_alignment=&#8221;default&#8221; background_color_opacity=&#8221;1&#8243; background_hover_color_opacity=&#8221;1&#8243; column_backdrop_filter=&#8221;none&#8221; column_shadow=&#8221;none&#8221; column_border_radius=&#8221;none&#8221; column_link_target=&#8221;_self&#8221; column_position=&#8221;default&#8221; advanced_gradient_angle=&#8221;0&#8243; gradient_direction=&#8221;left_to_right&#8221; overlay_strength=&#8221;0.3&#8243; width=&#8221;1\/1&#8243; tablet_width_inherit=&#8221;default&#8221; animation_type=&#8221;default&#8221; bg_image_animation=&#8221;none&#8221; border_type=&#8221;simple&#8221; column_border_width=&#8221;none&#8221; column_border_style=&#8221;solid&#8221; gradient_type=&#8221;default&#8221;][vc_row_inner column_margin=&#8221;none&#8221; column_direction=&#8221;default&#8221; column_direction_tablet=&#8221;default&#8221; column_direction_phone=&#8221;default&#8221; bottom_padding=&#8221;8&#8243; left_padding_desktop=&#8221;8%&#8221; constrain_group_2=&#8221;yes&#8221; right_padding_desktop=&#8221;8%&#8221; text_align=&#8221;left&#8221; row_position=&#8221;default&#8221; row_position_tablet=&#8221;inherit&#8221; row_position_phone=&#8221;inherit&#8221; overflow=&#8221;visible&#8221; pointer_events=&#8221;all&#8221;][vc_column_inner column_padding=&#8221;no-extra-padding&#8221; column_padding_tablet=&#8221;inherit&#8221; column_padding_phone=&#8221;inherit&#8221; column_padding_position=&#8221;all&#8221; column_element_direction_desktop=&#8221;default&#8221; column_element_spacing=&#8221;0px&#8221; desktop_text_alignment=&#8221;default&#8221; tablet_text_alignment=&#8221;default&#8221; phone_text_alignment=&#8221;default&#8221; background_color_opacity=&#8221;1&#8243; background_hover_color_opacity=&#8221;1&#8243; column_backdrop_filter=&#8221;none&#8221; column_shadow=&#8221;none&#8221; column_border_radius=&#8221;none&#8221; column_link_target=&#8221;_self&#8221; overflow=&#8221;visible&#8221; advanced_gradient_angle=&#8221;0&#8243; gradient_direction=&#8221;left_to_right&#8221; overlay_strength=&#8221;0.3&#8243; width=&#8221;1\/1&#8243; tablet_width_inherit=&#8221;default&#8221; animation_type=&#8221;default&#8221; bg_image_animation=&#8221;none&#8221; border_type=&#8221;simple&#8221; column_border_width=&#8221;none&#8221; column_border_style=&#8221;solid&#8221; gradient_type=&#8221;default&#8221;][split_line_heading animation_type=&#8221;line-reveal-by-space&#8221; font_style=&#8221;h1&#8243; text_color=&#8221;#000000&#8243; line_reveal_by_space_text_effect=&#8221;default&#8221; mobile_disable_animation=&#8221;true&#8221; content_alignment=&#8221;center&#8221; mobile_content_alignment=&#8221;inherit&#8221; link_target=&#8221;_self&#8221; text_content=&#8221;Le blog du d\u00e9m\u00e9nagement de bureau&#8221; font_size_tablet=&#8221;13vw&#8221; font_size=&#8221;5vw&#8221; text_direction=&#8221;default&#8221;][\/split_line_heading][\/vc_column_inner][\/vc_row_inner][\/vc_column][\/vc_row][vc_row type=&#8221;in_container&#8221; full_screen_row_position=&#8221;middle&#8221; column_margin=&#8221;default&#8221; column_direction=&#8221;default&#8221; column_direction_tablet=&#8221;default&#8221; column_direction_phone=&#8221;default&#8221; scene_position=&#8221;center&#8221; top_padding=&#8221;8&#8243; bottom_padding=&#8221;8&#8243; text_color=&#8221;dark&#8221; text_align=&#8221;left&#8221; row_border_radius=&#8221;none&#8221; row_border_radius_applies=&#8221;bg&#8221; overflow=&#8221;visible&#8221; overlay_strength=&#8221;0.3&#8243; gradient_direction=&#8221;left_to_right&#8221; shape_divider_position=&#8221;bottom&#8221; bg_image_animation=&#8221;none&#8221; gradient_type=&#8221;default&#8221; shape_type=&#8221;&#8221;][vc_column column_padding=&#8221;no-extra-padding&#8221; column_padding_tablet=&#8221;inherit&#8221; column_padding_phone=&#8221;inherit&#8221; column_padding_position=&#8221;all&#8221; column_element_direction_desktop=&#8221;default&#8221; column_element_spacing=&#8221;default&#8221; desktop_text_alignment=&#8221;default&#8221; tablet_text_alignment=&#8221;default&#8221; phone_text_alignment=&#8221;default&#8221; background_color_opacity=&#8221;1&#8243; background_hover_color_opacity=&#8221;1&#8243; column_backdrop_filter=&#8221;none&#8221; column_shadow=&#8221;none&#8221; column_border_radius=&#8221;none&#8221; column_link_target=&#8221;_self&#8221; column_position=&#8221;default&#8221; gradient_direction=&#8221;left_to_right&#8221; overlay_strength=&#8221;0.3&#8243; width=&#8221;1\/1&#8243; tablet_width_inherit=&#8221;default&#8221; animation_type=&#8221;default&#8221; bg_image_animation=&#8221;none&#8221; border_type=&#8221;simple&#8221; column_border_width=&#8221;none&#8221; column_border_style=&#8221;solid&#8221;][nectar_blog layout=&#8221;std-blog-fullwidth&#8221; blog_standard_style=&#8221;inherit&#8221; load_in_animation=&#8221;none&#8221; category=&#8221;all&#8221; enable_pagination=&#8221;true&#8221; pagination_type=&#8221;default&#8221; order=&#8221;DESC&#8221; orderby=&#8221;date&#8221; blog_remove_post_date=&#8221;true&#8221; blog_remove_post_author=&#8221;true&#8221; blog_remove_post_comment_number=&#8221;true&#8221; blog_remove_post_nectar_love=&#8221;true&#8221;][\/vc_column][\/vc_row]\n","protected":false},"excerpt":{"rendered":"<p>[vc_row type=&#8221;full_width_content&#8221; full_screen_row_position=&#8221;middle&#8221; column_margin=&#8221;default&#8221; column_direction=&#8221;default&#8221; column_direction_tablet=&#8221;default&#8221; column_direction_phone=&#8221;default&#8221; scene_position=&#8221;center&#8221; top_padding=&#8221;50&#8243; top_padding_tablet=&#8221;25%&#8221; top_padding_phone=&#8221;35%&#8221; text_color=&#8221;dark&#8221; text_align=&#8221;left&#8221; row_border_radius=&#8221;none&#8221; row_border_radius_applies=&#8221;bg&#8221; overflow=&#8221;visible&#8221; advanced_gradient_angle=&#8221;0&#8243; overlay_strength=&#8221;0.3&#8243; gradient_direction=&#8221;left_to_right&#8221; shape_divider_position=&#8221;bottom&#8221; bg_image_animation=&#8221;none&#8221; shape_type=&#8221;straight_section&#8221; gradient_type=&#8221;default&#8221;][vc_column column_padding=&#8221;no-extra-padding&#8221; column_padding_tablet=&#8221;inherit&#8221; column_padding_phone=&#8221;inherit&#8221; column_padding_position=&#8221;top-bottom&#8221; column_element_direction_desktop=&#8221;default&#8221; column_element_spacing=&#8221;0px&#8221; desktop_text_alignment=&#8221;default&#8221;&#8230;<\/p>\n","protected":false},"author":2,"featured_media":0,"parent":0,"menu_order":0,"comment_status":"closed","ping_status":"closed","template":"","meta":{"footnotes":""},"categories":[],"tags":[],"class_list":["post-8669","page","type-page","status-publish"],"yoast_head":"<!-- This site is optimized with the Yoast SEO plugin v27.2 - https:\/\/yoast.com\/product\/yoast-seo-wordpress\/ -->\n<title>Blogue sur le d\u00e9m\u00e9nagement | Conseils et actualit\u00e9s de d\u00e9m\u00e9nagement de bureau | Office Move Pro<\/title>\n<meta name=\"description\" content=\"Visitez le blog d&#039;Office Move Pro pour obtenir des conseils utiles sur le d\u00e9m\u00e9nagement de bureaux afin d&#039;\u00e9conomiser temps et argent pour votre entreprise. Nous pr\u00e9sentons des informations utiles sur le d\u00e9m\u00e9nagement provenant de leaders du secteur.\" \/>\n<meta name=\"robots\" content=\"index, follow, max-snippet:-1, max-image-preview:large, max-video-preview:-1\" \/>\n<link rel=\"canonical\" href=\"https:\/\/www.officemovepro.com\/fr\/blogue-sur-le-demenagement-corporatif\/\" \/>\n<meta property=\"og:locale\" content=\"fr_FR\" \/>\n<meta property=\"og:type\" content=\"article\" \/>\n<meta property=\"og:title\" content=\"Blogue sur le d\u00e9m\u00e9nagement | Conseils et actualit\u00e9s de d\u00e9m\u00e9nagement de bureau | Office Move Pro\" \/>\n<meta property=\"og:description\" content=\"Visitez le blog d&#039;Office Move Pro pour obtenir des conseils utiles sur le d\u00e9m\u00e9nagement de bureaux afin d&#039;\u00e9conomiser temps et argent pour votre entreprise. Nous pr\u00e9sentons des informations utiles sur le d\u00e9m\u00e9nagement provenant de leaders du secteur.\" \/>\n<meta property=\"og:url\" content=\"https:\/\/www.officemovepro.com\/fr\/blogue-sur-le-demenagement-corporatif\/\" \/>\n<meta property=\"og:site_name\" content=\"Office Move Pro\" \/>\n<meta property=\"article:modified_time\" content=\"2025-09-05T15:17:39+00:00\" \/>\n<meta name=\"twitter:card\" content=\"summary_large_image\" \/>\n<meta name=\"twitter:label1\" content=\"Est. reading time\" \/>\n\t<meta name=\"twitter:data1\" content=\"1 minute\" \/>\n<script type=\"application\/ld+json\" class=\"yoast-schema-graph\">{\"@context\":\"https:\/\/schema.org\",\"@graph\":[{\"@type\":\"WebPage\",\"@id\":\"https:\/\/www.officemovepro.com\/fr\/blogue-sur-le-demenagement-corporatif\/\",\"url\":\"https:\/\/www.officemovepro.com\/fr\/blogue-sur-le-demenagement-corporatif\/\",\"name\":\"Blogue sur le d\u00e9m\u00e9nagement | Conseils et actualit\u00e9s de d\u00e9m\u00e9nagement de bureau | Office Move Pro\",\"isPartOf\":{\"@id\":\"https:\/\/www.officemovepro.com\/fr\/#website\"},\"datePublished\":\"2019-09-09T19:32:18+00:00\",\"dateModified\":\"2025-09-05T15:17:39+00:00\",\"description\":\"Visitez le blog d'Office Move Pro pour obtenir des conseils utiles sur le d\u00e9m\u00e9nagement de bureaux afin d'\u00e9conomiser temps et argent pour votre entreprise. Nous pr\u00e9sentons des informations utiles sur le d\u00e9m\u00e9nagement provenant de leaders du secteur.\",\"breadcrumb\":{\"@id\":\"https:\/\/www.officemovepro.com\/fr\/blogue-sur-le-demenagement-corporatif\/#breadcrumb\"},\"inLanguage\":\"fr-FR\",\"potentialAction\":[{\"@type\":\"ReadAction\",\"target\":[\"https:\/\/www.officemovepro.com\/fr\/blogue-sur-le-demenagement-corporatif\/\"]}]},{\"@type\":\"BreadcrumbList\",\"@id\":\"https:\/\/www.officemovepro.com\/fr\/blogue-sur-le-demenagement-corporatif\/#breadcrumb\",\"itemListElement\":[{\"@type\":\"ListItem\",\"position\":1,\"name\":\"Home\",\"item\":\"https:\/\/www.officemovepro.com\/fr\/\"},{\"@type\":\"ListItem\",\"position\":2,\"name\":\"Blog de d\u00e9m\u00e9nagement de bureau\"}]},{\"@type\":\"WebSite\",\"@id\":\"https:\/\/www.officemovepro.com\/fr\/#website\",\"url\":\"https:\/\/www.officemovepro.com\/fr\/\",\"name\":\"Office Move Pro\",\"description\":\"Get Moving!\",\"potentialAction\":[{\"@type\":\"SearchAction\",\"target\":{\"@type\":\"EntryPoint\",\"urlTemplate\":\"https:\/\/www.officemovepro.com\/fr\/?s={search_term_string}\"},\"query-input\":{\"@type\":\"PropertyValueSpecification\",\"valueRequired\":true,\"valueName\":\"search_term_string\"}}],\"inLanguage\":\"fr-FR\"}]}<\/script>\n<!-- \/ Yoast SEO plugin. -->","yoast_head_json":{"title":"Blogue sur le d\u00e9m\u00e9nagement | Conseils et actualit\u00e9s de d\u00e9m\u00e9nagement de bureau | Office Move Pro","description":"Visitez le blog d'Office Move Pro pour obtenir des conseils utiles sur le d\u00e9m\u00e9nagement de bureaux afin d'\u00e9conomiser temps et argent pour votre entreprise. Nous pr\u00e9sentons des informations utiles sur le d\u00e9m\u00e9nagement provenant de leaders du secteur.","robots":{"index":"index","follow":"follow","max-snippet":"max-snippet:-1","max-image-preview":"max-image-preview:large","max-video-preview":"max-video-preview:-1"},"canonical":"https:\/\/www.officemovepro.com\/fr\/blogue-sur-le-demenagement-corporatif\/","og_locale":"fr_FR","og_type":"article","og_title":"Blogue sur le d\u00e9m\u00e9nagement | Conseils et actualit\u00e9s de d\u00e9m\u00e9nagement de bureau | Office Move Pro","og_description":"Visitez le blog d'Office Move Pro pour obtenir des conseils utiles sur le d\u00e9m\u00e9nagement de bureaux afin d'\u00e9conomiser temps et argent pour votre entreprise. Nous pr\u00e9sentons des informations utiles sur le d\u00e9m\u00e9nagement provenant de leaders du secteur.","og_url":"https:\/\/www.officemovepro.com\/fr\/blogue-sur-le-demenagement-corporatif\/","og_site_name":"Office Move Pro","article_modified_time":"2025-09-05T15:17:39+00:00","twitter_card":"summary_large_image","twitter_misc":{"Est. reading time":"1 minute"},"schema":{"@context":"https:\/\/schema.org","@graph":[{"@type":"WebPage","@id":"https:\/\/www.officemovepro.com\/fr\/blogue-sur-le-demenagement-corporatif\/","url":"https:\/\/www.officemovepro.com\/fr\/blogue-sur-le-demenagement-corporatif\/","name":"Blogue sur le d\u00e9m\u00e9nagement | Conseils et actualit\u00e9s de d\u00e9m\u00e9nagement de bureau | Office Move Pro","isPartOf":{"@id":"https:\/\/www.officemovepro.com\/fr\/#website"},"datePublished":"2019-09-09T19:32:18+00:00","dateModified":"2025-09-05T15:17:39+00:00","description":"Visitez le blog d'Office Move Pro pour obtenir des conseils utiles sur le d\u00e9m\u00e9nagement de bureaux afin d'\u00e9conomiser temps et argent pour votre entreprise. Nous pr\u00e9sentons des informations utiles sur le d\u00e9m\u00e9nagement provenant de leaders du secteur.","breadcrumb":{"@id":"https:\/\/www.officemovepro.com\/fr\/blogue-sur-le-demenagement-corporatif\/#breadcrumb"},"inLanguage":"fr-FR","potentialAction":[{"@type":"ReadAction","target":["https:\/\/www.officemovepro.com\/fr\/blogue-sur-le-demenagement-corporatif\/"]}]},{"@type":"BreadcrumbList","@id":"https:\/\/www.officemovepro.com\/fr\/blogue-sur-le-demenagement-corporatif\/#breadcrumb","itemListElement":[{"@type":"ListItem","position":1,"name":"Home","item":"https:\/\/www.officemovepro.com\/fr\/"},{"@type":"ListItem","position":2,"name":"Blog de d\u00e9m\u00e9nagement de bureau"}]},{"@type":"WebSite","@id":"https:\/\/www.officemovepro.com\/fr\/#website","url":"https:\/\/www.officemovepro.com\/fr\/","name":"Office Move Pro","description":"Get Moving!","potentialAction":[{"@type":"SearchAction","target":{"@type":"EntryPoint","urlTemplate":"https:\/\/www.officemovepro.com\/fr\/?s={search_term_string}"},"query-input":{"@type":"PropertyValueSpecification","valueRequired":true,"valueName":"search_term_string"}}],"inLanguage":"fr-FR"}]}},"_links":{"self":[{"href":"https:\/\/www.officemovepro.com\/fr\/wp-json\/wp\/v2\/pages\/8669","targetHints":{"allow":["GET"]}}],"collection":[{"href":"https:\/\/www.officemovepro.com\/fr\/wp-json\/wp\/v2\/pages"}],"about":[{"href":"https:\/\/www.officemovepro.com\/fr\/wp-json\/wp\/v2\/types\/page"}],"author":[{"embeddable":true,"href":"https:\/\/www.officemovepro.com\/fr\/wp-json\/wp\/v2\/users\/2"}],"replies":[{"embeddable":true,"href":"https:\/\/www.officemovepro.com\/fr\/wp-json\/wp\/v2\/comments?post=8669"}],"version-history":[{"count":7,"href":"https:\/\/www.officemovepro.com\/fr\/wp-json\/wp\/v2\/pages\/8669\/revisions"}],"predecessor-version":[{"id":9174,"href":"https:\/\/www.officemovepro.com\/fr\/wp-json\/wp\/v2\/pages\/8669\/revisions\/9174"}],"wp:attachment":[{"href":"https:\/\/www.officemovepro.com\/fr\/wp-json\/wp\/v2\/media?parent=8669"}],"wp:term":[{"taxonomy":"category","embeddable":true,"href":"https:\/\/www.officemovepro.com\/fr\/wp-json\/wp\/v2\/categories?post=8669"},{"taxonomy":"post_tag","embeddable":true,"href":"https:\/\/www.officemovepro.com\/fr\/wp-json\/wp\/v2\/tags?post=8669"}],"curies":[{"name":"wp","href":"https:\/\/api.w.org\/{rel}","templated":true}]}}